{"id":3649,"date":"2016-04-11T17:12:46","date_gmt":"2016-04-11T15:12:46","guid":{"rendered":"https:\/\/arch-moser.it\/?page_id=3649"},"modified":"2016-05-07T22:47:23","modified_gmt":"2016-05-07T20:47:23","slug":"wohnhaus-p-in-luesen","status":"publish","type":"page","link":"https:\/\/arch-moser.it\/it\/projekte\/wohnhaus-p-in-luesen\/","title":{"rendered":"Wohnhaus P. in L\u00fcsen"},"content":{"rendered":"<p><a href=\"https:\/\/i0.wp.com\/arch-moser.it\/wp-content\/uploads\/2016\/04\/B%C3%BCroPraesentation_PLAICKNER-e1460383632249.jpg?ssl=1\" target=\"_blank\"><span style=\"font-size: 10pt; font-family: Tahoma,Arial,Helvetica,sans-serif;\"><img data-recalc-dims=\"1\" fetchpriority=\"high\" decoding=\"async\" class=\"alignnone wp-image-3614\" src=\"https:\/\/i0.wp.com\/arch-moser.it\/wp-content\/uploads\/2016\/04\/B%C3%BCroPraesentation_PLAICKNER-e1460383632249-248x300.jpg?resize=318%2C385&#038;ssl=1\" alt=\"Bueropraesentation_PLAICKNER\" width=\"318\" height=\"385\" \/><\/span><\/a><\/p>\n<p><span style=\"font-size: 10pt; font-family: Tahoma,Arial,Helvetica,sans-serif;\">Das Projekt sah die energetische Sanierung des Geb\u00e4udes sowie die bauliche Umgestaltung und Erweiterung des Dachgeschosses vor, wobei die unzureichend ged\u00e4mmte Dachfl\u00e4che zur G\u00e4nze abgetragen und durch eine neue Dachstruktur ersetzt wurde.<br \/>\nDie Dachform wurde so gew\u00e4hlt dass sie dem Geb\u00e4ude eine neue Erscheinungsform verleiht, jedoch gleichzeitig der Eindruck gewahrt bleibt, dass es sich harmonisch in das bauliche Umfeld einf\u00fcgt. <\/span><\/p>\n<p><span style=\"font-size: 10pt; font-family: Tahoma,Arial,Helvetica,sans-serif;\"><img data-recalc-dims=\"1\" decoding=\"async\" class=\"alignnone wp-image-3630 \" src=\"https:\/\/i0.wp.com\/arch-moser.it\/wp-content\/uploads\/2015\/07\/IMG_8212-e1460383237773-300x206.jpg?resize=315%2C217&#038;ssl=1\" alt=\"\" width=\"315\" height=\"217\" srcset=\"https:\/\/i0.wp.com\/arch-moser.it\/wp-content\/uploads\/2015\/07\/IMG_8212-e1460383237773.jpg?resize=300%2C206&amp;ssl=1 300w, https:\/\/i0.wp.com\/arch-moser.it\/wp-content\/uploads\/2015\/07\/IMG_8212-e1460383237773.jpg?w=438&amp;ssl=1 438w\" sizes=\"(max-width: 315px) 100vw, 315px\" \/>\u00a0\u00a0 <img data-recalc-dims=\"1\" decoding=\"async\" class=\"alignnone wp-image-3641\" src=\"https:\/\/i0.wp.com\/arch-moser.it\/wp-content\/uploads\/2015\/07\/IMG_7508-e1460386572730-300x158.jpg?resize=414%2C218&#038;ssl=1\" alt=\"IMG_7508\" width=\"414\" height=\"218\" srcset=\"https:\/\/i0.wp.com\/arch-moser.it\/wp-content\/uploads\/2015\/07\/IMG_7508-e1460386572730.jpg?resize=300%2C158&amp;ssl=1 300w, https:\/\/i0.wp.com\/arch-moser.it\/wp-content\/uploads\/2015\/07\/IMG_7508-e1460386572730.jpg?w=417&amp;ssl=1 417w\" sizes=\"(max-width: 414px) 100vw, 414px\" \/><br \/>\n<\/span><\/p>\n<p><span style=\"font-size: 10pt; font-family: Tahoma,Arial,Helvetica,sans-serif;\">Unter Ausnutzung des &#8220;Kubaturbonus&#8221; wurden auch die beiden darunter liegenden Wohnungen baulich umgestaltet und vergr\u00f6\u00dfert.<br \/>\nDurch die opmierten Verteilung der R\u00e4umlichkeiten sowie der Errichtung eines neuen Stiegenhauses bis in das Untergescho\u00df konnte eine Aufwertung des gesamten Geb\u00e4udes erzielt werden.<\/span><\/p>\n<p><img data-recalc-dims=\"1\" loading=\"lazy\" decoding=\"async\" class=\"alignnone size-medium wp-image-3617\" src=\"https:\/\/i0.wp.com\/arch-moser.it\/wp-content\/uploads\/2016\/04\/IMG_8444.jpg?resize=225%2C300&#038;ssl=1\" alt=\"IMG_8444\" width=\"225\" height=\"300\" srcset=\"https:\/\/i0.wp.com\/arch-moser.it\/wp-content\/uploads\/2016\/04\/IMG_8444.jpg?resize=225%2C300&amp;ssl=1 225w, https:\/\/i0.wp.com\/arch-moser.it\/wp-content\/uploads\/2016\/04\/IMG_8444.jpg?w=475&amp;ssl=1 475w\" sizes=\"(max-width: 225px) 100vw, 225px\" \/>\u00a0\u00a0\u00a0 <img data-recalc-dims=\"1\" loading=\"lazy\" decoding=\"async\" class=\"alignnone wp-image-3616\" src=\"https:\/\/i0.wp.com\/arch-moser.it\/wp-content\/uploads\/2016\/04\/IMG_7959.jpg?resize=397%2C298&#038;ssl=1\" alt=\"IMG_7959\" width=\"397\" height=\"298\" srcset=\"https:\/\/i0.wp.com\/arch-moser.it\/wp-content\/uploads\/2016\/04\/IMG_7959.jpg?resize=300%2C225&amp;ssl=1 300w, https:\/\/i0.wp.com\/arch-moser.it\/wp-content\/uploads\/2016\/04\/IMG_7959.jpg?w=500&amp;ssl=1 500w\" sizes=\"(max-width: 397px) 100vw, 397px\" \/><\/p>\n<p><img data-recalc-dims=\"1\" loading=\"lazy\" decoding=\"async\" class=\"alignnone size-medium wp-image-3633\" src=\"https:\/\/i0.wp.com\/arch-moser.it\/wp-content\/uploads\/2016\/04\/IMG_8442.jpg?resize=225%2C300&#038;ssl=1\" alt=\"IMG_8442\" width=\"225\" height=\"300\" srcset=\"https:\/\/i0.wp.com\/arch-moser.it\/wp-content\/uploads\/2016\/04\/IMG_8442.jpg?resize=225%2C300&amp;ssl=1 225w, https:\/\/i0.wp.com\/arch-moser.it\/wp-content\/uploads\/2016\/04\/IMG_8442.jpg?w=500&amp;ssl=1 500w\" sizes=\"(max-width: 225px) 100vw, 225px\" \/> \u00a0\u00a0 <img data-recalc-dims=\"1\" loading=\"lazy\" decoding=\"async\" class=\"alignnone wp-image-3634\" src=\"https:\/\/i0.wp.com\/arch-moser.it\/wp-content\/uploads\/2016\/04\/IMG_7612-e1460382895711-300x230.jpg?resize=400%2C307&#038;ssl=1\" alt=\"IMG_7612\" width=\"400\" height=\"307\" srcset=\"https:\/\/i0.wp.com\/arch-moser.it\/wp-content\/uploads\/2016\/04\/IMG_7612-e1460382895711.jpg?resize=300%2C230&amp;ssl=1 300w, https:\/\/i0.wp.com\/arch-moser.it\/wp-content\/uploads\/2016\/04\/IMG_7612-e1460382895711.jpg?w=411&amp;ssl=1 411w\" sizes=\"(max-width: 400px) 100vw, 400px\" \/><\/p>\n","protected":false},"excerpt":{"rendered":"<p>Das Projekt sah die energetische Sanierung des Geb\u00e4udes sowie die bauliche Umgestaltung und Erweiterung des Dachgeschosses vor, wobei die unzureichend ged\u00e4mmte Dachfl\u00e4che zur G\u00e4nze abgetragen und durch eine neue Dachstruktur ersetzt wurde. Die Dachform wurde so gew\u00e4hlt dass sie dem Geb\u00e4ude eine neue Erscheinungsform verleiht, jedoch gleichzeitig der Eindruck gewahrt bleibt, dass es sich harmonisch [&hellip;]<\/p>\n","protected":false},"author":1,"featured_media":3618,"parent":3048,"menu_order":4,"comment_status":"closed","ping_status":"closed","template":"","meta":{"ngg_post_thumbnail":0,"footnotes":""},"class_list":["post-3649","page","type-page","status-publish","has-post-thumbnail","hentry"],"jetpack_sharing_enabled":true,"_links":{"self":[{"href":"https:\/\/arch-moser.it\/it\/wp-json\/wp\/v2\/pages\/3649","targetHints":{"allow":["GET"]}}],"collection":[{"href":"https:\/\/arch-moser.it\/it\/wp-json\/wp\/v2\/pages"}],"about":[{"href":"https:\/\/arch-moser.it\/it\/wp-json\/wp\/v2\/types\/page"}],"author":[{"embeddable":true,"href":"https:\/\/arch-moser.it\/it\/wp-json\/wp\/v2\/users\/1"}],"replies":[{"embeddable":true,"href":"https:\/\/arch-moser.it\/it\/wp-json\/wp\/v2\/comments?post=3649"}],"version-history":[{"count":5,"href":"https:\/\/arch-moser.it\/it\/wp-json\/wp\/v2\/pages\/3649\/revisions"}],"predecessor-version":[{"id":3887,"href":"https:\/\/arch-moser.it\/it\/wp-json\/wp\/v2\/pages\/3649\/revisions\/3887"}],"up":[{"embeddable":true,"href":"https:\/\/arch-moser.it\/it\/wp-json\/wp\/v2\/pages\/3048"}],"wp:featuredmedia":[{"embeddable":true,"href":"https:\/\/arch-moser.it\/it\/wp-json\/wp\/v2\/media\/3618"}],"wp:attachment":[{"href":"https:\/\/arch-moser.it\/it\/wp-json\/wp\/v2\/media?parent=3649"}],"curies":[{"name":"wp","href":"https:\/\/api.w.org\/{rel}","templated":true}]}}