{"id":3317,"date":"2016-03-29T23:06:27","date_gmt":"2016-03-29T21:06:27","guid":{"rendered":"https:\/\/arch-moser.it\/?post_type=jetpack-portfolio&#038;p=3317"},"modified":"2017-08-18T12:52:54","modified_gmt":"2017-08-18T10:52:54","slug":"waldorfschule-im-buehlerhof-in-sarns-brixen","status":"publish","type":"page","link":"https:\/\/arch-moser.it\/it\/projekte\/waldorfschule-im-buehlerhof-in-sarns-brixen\/","title":{"rendered":"Waldorfschule im B\u00fchlerhof in Sarns \/ Brixen"},"content":{"rendered":"<p><span style=\"font-family: Tahoma, Arial, Helvetica, sans-serif; font-size: 10pt;\">Das Vorhaben, eine (private) Waldorfschule mit Unterst\u00fctzung der Landesverwaltung zu realisieren, nimmt zweifelsohne eine Sonderstellung innerhalb der Bildungslandschaft in S\u00fcdtirol ein. <\/span><span style=\"font-family: Tahoma, Arial, Helvetica, sans-serif; font-size: 10pt;\">Nicht ohne Zweifel, Hindernisse und R\u00fcckschl\u00e4ge gestaltete sich f\u00fcr den Verein zur F\u00f6rderung der Waldorfp\u00e4dagogik Brixen <\/span><span style=\"font-family: Tahoma, Arial, Helvetica, sans-serif; font-size: 10pt;\">die mittlerweilen siebenj\u00e4hrige Planungs- und Vorbereitungszeit. <\/span><\/p>\n<p><span style=\"font-family: Tahoma, Arial, Helvetica, sans-serif; font-size: 10pt;\"><img data-recalc-dims=\"1\" fetchpriority=\"high\" decoding=\"async\" class=\"alignnone wp-image-3305 \" src=\"https:\/\/i0.wp.com\/arch-moser.it\/wp-content\/uploads\/2016\/03\/VP-001-Grundrisse-Kopie--e1459460582297-300x216.jpg?resize=564%2C406&#038;ssl=1\" alt=\"\" width=\"564\" height=\"406\" srcset=\"https:\/\/i0.wp.com\/arch-moser.it\/wp-content\/uploads\/2016\/03\/VP-001-Grundrisse-Kopie--e1459460582297.jpg?resize=300%2C216&amp;ssl=1 300w, https:\/\/i0.wp.com\/arch-moser.it\/wp-content\/uploads\/2016\/03\/VP-001-Grundrisse-Kopie--e1459460582297.jpg?resize=1024%2C737&amp;ssl=1 1024w, https:\/\/i0.wp.com\/arch-moser.it\/wp-content\/uploads\/2016\/03\/VP-001-Grundrisse-Kopie--e1459460582297.jpg?w=1600&amp;ssl=1 1600w, https:\/\/i0.wp.com\/arch-moser.it\/wp-content\/uploads\/2016\/03\/VP-001-Grundrisse-Kopie--e1459460582297.jpg?w=2400&amp;ssl=1 2400w\" sizes=\"(max-width: 564px) 100vw, 564px\" \/><\/span><\/p>\n<p><span style=\"font-family: Tahoma, Arial, Helvetica, sans-serif; font-size: 10pt;\">Im Zuge der Umplanung wurden &#8211; neben den bereits im Ursprungsprojekt formulierten Entwurfsabsichten &#8211; vorrangig folgende Grundkonzepte verfolgt:<\/span><\/p>\n<ol>\n<li><span style=\"font-family: Tahoma, Arial, Helvetica, sans-serif; font-size: 10pt;\">Die Waldorfschule wird im bestehenden Geb\u00e4ude untergebracht;<\/span><\/li>\n<li><span style=\"font-family: Tahoma, Arial, Helvetica, sans-serif; font-size: 10pt;\">Hangseitig wird ein unterirdischer Anbau vorgesehen, in dem die Mensa vorgesehen wird, welche gleichzeitig als kleiner Versammlungs- und Veranstaltungssaal genutzt wird;<\/span><\/li>\n<li><span style=\"font-family: Tahoma, Arial, Helvetica, sans-serif; font-size: 10pt;\">Stra\u00dfenseitig wird das bestehende Nebengeb\u00e4ude abgebrochen und neu errichtet, wobei die bestehende Mauer an der Grundst\u00fccksgrenze erhalten bleibt und der Neubau die bestehende Geb\u00e4udeh\u00f6he nicht \u00fcberschreitet. <\/span><\/li>\n<li><span style=\"font-family: Tahoma, Arial, Helvetica, sans-serif; font-size: 10pt;\">In diesem Nebengeb\u00e4ude finden die Technikr\u00e4ume sowie ein weiterer Unterrichtsraum Platz. Der Abbruch des Nebengeb\u00e4udes ist au\u00dferdem in Bauphase aus bautechnischen und -logistischen Gr\u00fcnden von Vorteil.<\/span><\/li>\n<\/ol>\n<p><a href=\"https:\/\/i0.wp.com\/arch-moser.it\/wp-content\/uploads\/2016\/03\/VP-002-AnsichtenSCH-Kopie.jpg?ssl=1\"><img data-recalc-dims=\"1\" decoding=\"async\" class=\"alignnone wp-image-3306\" src=\"https:\/\/i0.wp.com\/arch-moser.it\/wp-content\/uploads\/2016\/03\/VP-002-AnsichtenSCH-Kopie.jpg?resize=663%2C398&#038;ssl=1\" alt=\"VP-002 Ansichten+SCH Kopie\" width=\"663\" height=\"398\" srcset=\"https:\/\/i0.wp.com\/arch-moser.it\/wp-content\/uploads\/2016\/03\/VP-002-AnsichtenSCH-Kopie.jpg?resize=300%2C180&amp;ssl=1 300w, https:\/\/i0.wp.com\/arch-moser.it\/wp-content\/uploads\/2016\/03\/VP-002-AnsichtenSCH-Kopie.jpg?resize=1024%2C614&amp;ssl=1 1024w, https:\/\/i0.wp.com\/arch-moser.it\/wp-content\/uploads\/2016\/03\/VP-002-AnsichtenSCH-Kopie.jpg?w=1600&amp;ssl=1 1600w, https:\/\/i0.wp.com\/arch-moser.it\/wp-content\/uploads\/2016\/03\/VP-002-AnsichtenSCH-Kopie.jpg?w=2400&amp;ssl=1 2400w\" sizes=\"(max-width: 663px) 100vw, 663px\" \/><\/a><\/p>\n<p><span style=\"font-family: Tahoma, Arial, Helvetica, sans-serif; font-size: 10pt;\">Die 3 Hauptzug\u00e4nge des Geb\u00e4udes sind wie folgt angeordnet:<\/span><\/p>\n<p><span style=\"font-family: Tahoma, Arial, Helvetica, sans-serif; font-size: 10pt;\">Die Schule wird im Tiefparterre \u00fcber einen behindertengerechten Eingang sowie im Hochparterre \u00fcber die malerische Torsituation und die bestehende Au\u00dfentreppe erschlossen.<br \/>\n<\/span><span style=\"font-family: Tahoma, Arial, Helvetica, sans-serif; font-size: 10pt;\">Die Mensa erh\u00e4lt einen eigenen autonomen, behindertengeeechten Zugang.<br \/>\n<\/span><span style=\"font-family: Tahoma, Arial, Helvetica, sans-serif; font-size: 10pt;\">Im Zuge der Umbauarbeiten soll der auff\u00e4llige Dachaufbau, der im Zuge der letzten Umbauarbeiten entstanden ist, abgebrochen und somit Proporzionen und optisches Erscheinungsbild verbessert werden.<br \/>\n<\/span><span style=\"font-family: Tahoma, Arial, Helvetica, sans-serif; font-size: 10pt;\">An der Geb\u00e4ude &#8211; Nordseite stellt das Haupttreppenhaus den Knotenpunkt zwischen den einzelnen Ebenen dar. Die Verglasungen er\u00f6ffnen den Ausblick auf Vorplatz und Pausenfl\u00e4che (Spielplatz) und versorgen die Zentralbereiche auf den einzelnen Ebenen mit nat\u00fcrlichem Tageslicht.<\/span><\/p>\n<p><img data-recalc-dims=\"1\" decoding=\"async\" class=\"alignnone size-medium wp-image-1212\" src=\"https:\/\/i0.wp.com\/arch-moser.it\/wp-content\/uploads\/2011\/01\/accamera_8-300x225.jpg?resize=300%2C225&#038;ssl=1\" alt=\"ACCamera_8\" width=\"300\" height=\"225\" \/> <img data-recalc-dims=\"1\" loading=\"lazy\" decoding=\"async\" class=\"alignnone size-medium wp-image-1211\" src=\"https:\/\/i0.wp.com\/arch-moser.it\/wp-content\/uploads\/2011\/01\/accamera_7-300x225.jpg?resize=300%2C225&#038;ssl=1\" alt=\"ACCamera_7\" width=\"300\" height=\"225\" \/><\/p>\n<p>siehe auch folgende Beitr\u00e4ge:<\/p>\n<ul>\n<li><span style=\"text-decoration: underline; color: #d7f018;\"><a style=\"color: #d7f018; text-decoration: underline;\" href=\"http:\/\/wp.me\/p6WmPs-jB\">Visionen einer zuk\u00fcnftigen Schulrealit\u00e4t<\/a><\/span><\/li>\n<\/ul>\n","protected":false},"excerpt":{"rendered":"<p>Das Vorhaben, eine (private) Waldorfschule mit Unterst\u00fctzung der Landesverwaltung zu realisieren, nimmt zweifelsohne eine Sonderstellung innerhalb der Bildungslandschaft in S\u00fcdtirol ein. Nicht ohne Zweifel, Hindernisse und R\u00fcckschl\u00e4ge gestaltete sich f\u00fcr den Verein zur F\u00f6rderung der Waldorfp\u00e4dagogik Brixen die mittlerweilen siebenj\u00e4hrige Planungs- und Vorbereitungszeit. Im Zuge der Umplanung wurden &#8211; neben den bereits im Ursprungsprojekt formulierten [&hellip;]<\/p>\n","protected":false},"author":1,"featured_media":3507,"parent":3048,"menu_order":5,"comment_status":"closed","ping_status":"closed","template":"","meta":{"ngg_post_thumbnail":0,"footnotes":""},"class_list":["post-3317","page","type-page","status-publish","has-post-thumbnail","hentry"],"jetpack_sharing_enabled":true,"_links":{"self":[{"href":"https:\/\/arch-moser.it\/it\/wp-json\/wp\/v2\/pages\/3317","targetHints":{"allow":["GET"]}}],"collection":[{"href":"https:\/\/arch-moser.it\/it\/wp-json\/wp\/v2\/pages"}],"about":[{"href":"https:\/\/arch-moser.it\/it\/wp-json\/wp\/v2\/types\/page"}],"author":[{"embeddable":true,"href":"https:\/\/arch-moser.it\/it\/wp-json\/wp\/v2\/users\/1"}],"replies":[{"embeddable":true,"href":"https:\/\/arch-moser.it\/it\/wp-json\/wp\/v2\/comments?post=3317"}],"version-history":[{"count":27,"href":"https:\/\/arch-moser.it\/it\/wp-json\/wp\/v2\/pages\/3317\/revisions"}],"predecessor-version":[{"id":4758,"href":"https:\/\/arch-moser.it\/it\/wp-json\/wp\/v2\/pages\/3317\/revisions\/4758"}],"up":[{"embeddable":true,"href":"https:\/\/arch-moser.it\/it\/wp-json\/wp\/v2\/pages\/3048"}],"wp:featuredmedia":[{"embeddable":true,"href":"https:\/\/arch-moser.it\/it\/wp-json\/wp\/v2\/media\/3507"}],"wp:attachment":[{"href":"https:\/\/arch-moser.it\/it\/wp-json\/wp\/v2\/media?parent=3317"}],"curies":[{"name":"wp","href":"https:\/\/api.w.org\/{rel}","templated":true}]}}