{"id":3192,"date":"2016-03-24T16:01:56","date_gmt":"2016-03-24T15:01:56","guid":{"rendered":"https:\/\/arch-moser.it\/?post_type=jetpack-portfolio&#038;p=3192"},"modified":"2021-01-23T15:37:25","modified_gmt":"2021-01-23T14:37:25","slug":"widum-zinggen","status":"publish","type":"page","link":"https:\/\/arch-moser.it\/it\/projekte\/widum-zinggen\/","title":{"rendered":"Widum Zinggen"},"content":{"rendered":"<p><a href=\"https:\/\/i0.wp.com\/arch-moser.it\/wp-content\/uploads\/2016\/03\/Ohne-Titel-2.jpg?ssl=1\" rel=\"attachment wp-att-3280\"><img data-recalc-dims=\"1\" fetchpriority=\"high\" decoding=\"async\" class=\"alignnone wp-image-3280\" src=\"https:\/\/i0.wp.com\/arch-moser.it\/wp-content\/uploads\/2016\/03\/Ohne-Titel-2.jpg?resize=675%2C634&#038;ssl=1\" alt=\"Ohne Titel 2\" width=\"675\" height=\"634\" srcset=\"https:\/\/i0.wp.com\/arch-moser.it\/wp-content\/uploads\/2016\/03\/Ohne-Titel-2.jpg?resize=300%2C282&amp;ssl=1 300w, https:\/\/i0.wp.com\/arch-moser.it\/wp-content\/uploads\/2016\/03\/Ohne-Titel-2.jpg?resize=768%2C721&amp;ssl=1 768w, https:\/\/i0.wp.com\/arch-moser.it\/wp-content\/uploads\/2016\/03\/Ohne-Titel-2.jpg?resize=1024%2C961&amp;ssl=1 1024w, https:\/\/i0.wp.com\/arch-moser.it\/wp-content\/uploads\/2016\/03\/Ohne-Titel-2.jpg?w=1600&amp;ssl=1 1600w, https:\/\/i0.wp.com\/arch-moser.it\/wp-content\/uploads\/2016\/03\/Ohne-Titel-2.jpg?w=2400&amp;ssl=1 2400w\" sizes=\"(max-width: 675px) 100vw, 675px\" \/><\/a><\/p>\n<p><span style=\"font-size: 10pt;\"><span style=\"font-family: Arial, Helvetica, sans-serif;\">Dem Wunsch der Bauherrenschaft entsprechend sollte im Zuge der Sanierung des Widums in Zinggen \/ Rosslauf ein Versammlungsraum f\u00fcr 30-50 Personen, ein B\u00fcroraum, eine Wohnung f\u00fcr das Pastoralteam, eine Wohnung f\u00fcr den Messner zusammen mit den entsprechenden Technik-, Neben- und Kellerr\u00e4umen vorgesehen werden.<\/span><span style=\"font-family: Arial, Helvetica, sans-serif;\">Aufgrund von behutsamen Sanierungs &#8211; und Restaurierungseingriffen konnten historisch wertvolle Bauteile, wie der Dachstuhl, die Kassettendecken, Wandt\u00e4felungen und Innent\u00fcren im 1. Obergeschoss erhalten werden und mit modernen Gestaltungselementen kombiniert werden<\/span><span style=\"font-family: Arial, Helvetica, sans-serif;\">Im Erdgeschoss wurde ein eingemauertes Fenster an der Ostseite freigelegt.<\/span><span style=\"font-family: Arial, Helvetica, sans-serif;\">Der Saal im Dachgescho\u00df soll einer \u00f6ffentlichen Nutzung zugef\u00fchrt werden und den Widum zu einer wertvollen sozialen Einrichtung f\u00fcr das Stadtviertel Zinggen machen.<\/span><\/span><\/p>\n<p><a href=\"https:\/\/i0.wp.com\/arch-moser.it\/wp-content\/uploads\/2013\/12\/img_5222.jpg?ssl=1\" rel=\"attachment wp-att-2971\"><img data-recalc-dims=\"1\" decoding=\"async\" class=\"alignnone wp-image-2971\" src=\"https:\/\/i0.wp.com\/arch-moser.it\/wp-content\/uploads\/2013\/12\/img_5222-225x300.jpg?resize=152%2C202&#038;ssl=1\" alt=\"IMG_5222\" width=\"152\" height=\"202\"><\/a> <a href=\"https:\/\/i0.wp.com\/arch-moser.it\/wp-content\/uploads\/2016\/03\/IMG_8188_2.jpg?ssl=1\" rel=\"attachment wp-att-3173\"><img data-recalc-dims=\"1\" decoding=\"async\" class=\"alignnone wp-image-3173\" src=\"https:\/\/i0.wp.com\/arch-moser.it\/wp-content\/uploads\/2016\/03\/IMG_8188_2.jpg?resize=152%2C203&#038;ssl=1\" alt=\"IMG_8188_2\" width=\"152\" height=\"203\" srcset=\"https:\/\/i0.wp.com\/arch-moser.it\/wp-content\/uploads\/2016\/03\/IMG_8188_2.jpg?resize=225%2C300&amp;ssl=1 225w, https:\/\/i0.wp.com\/arch-moser.it\/wp-content\/uploads\/2016\/03\/IMG_8188_2.jpg?w=475&amp;ssl=1 475w\" sizes=\"(max-width: 152px) 100vw, 152px\" \/><\/a>&nbsp;<a href=\"https:\/\/i0.wp.com\/arch-moser.it\/wp-content\/uploads\/2016\/03\/IMG_8179.jpg?ssl=1\" rel=\"attachment wp-att-3274\"><img data-recalc-dims=\"1\" loading=\"lazy\" decoding=\"async\" class=\"alignnone wp-image-3274\" src=\"https:\/\/i0.wp.com\/arch-moser.it\/wp-content\/uploads\/2016\/03\/IMG_8179.jpg?resize=152%2C202&#038;ssl=1\" alt=\"IMG_8179\" width=\"152\" height=\"202\" srcset=\"https:\/\/i0.wp.com\/arch-moser.it\/wp-content\/uploads\/2016\/03\/IMG_8179.jpg?resize=225%2C300&amp;ssl=1 225w, https:\/\/i0.wp.com\/arch-moser.it\/wp-content\/uploads\/2016\/03\/IMG_8179.jpg?resize=768%2C1024&amp;ssl=1 768w, https:\/\/i0.wp.com\/arch-moser.it\/wp-content\/uploads\/2016\/03\/IMG_8179.jpg?w=1600&amp;ssl=1 1600w, https:\/\/i0.wp.com\/arch-moser.it\/wp-content\/uploads\/2016\/03\/IMG_8179.jpg?w=2400&amp;ssl=1 2400w\" sizes=\"(max-width: 152px) 100vw, 152px\" \/><\/a> <a href=\"https:\/\/i0.wp.com\/arch-moser.it\/wp-content\/uploads\/2016\/03\/IMG_8182.jpg?ssl=1\" rel=\"attachment wp-att-3275\"><img data-recalc-dims=\"1\" loading=\"lazy\" decoding=\"async\" class=\"alignnone wp-image-3275\" src=\"https:\/\/i0.wp.com\/arch-moser.it\/wp-content\/uploads\/2016\/03\/IMG_8182.jpg?resize=152%2C203&#038;ssl=1\" alt=\"IMG_8182\" width=\"152\" height=\"203\" srcset=\"https:\/\/i0.wp.com\/arch-moser.it\/wp-content\/uploads\/2016\/03\/IMG_8182.jpg?resize=225%2C300&amp;ssl=1 225w, https:\/\/i0.wp.com\/arch-moser.it\/wp-content\/uploads\/2016\/03\/IMG_8182.jpg?resize=768%2C1024&amp;ssl=1 768w, https:\/\/i0.wp.com\/arch-moser.it\/wp-content\/uploads\/2016\/03\/IMG_8182.jpg?w=1600&amp;ssl=1 1600w, https:\/\/i0.wp.com\/arch-moser.it\/wp-content\/uploads\/2016\/03\/IMG_8182.jpg?w=2400&amp;ssl=1 2400w\" sizes=\"(max-width: 152px) 100vw, 152px\" \/><\/a> <a href=\"https:\/\/i0.wp.com\/arch-moser.it\/wp-content\/uploads\/2016\/03\/IMG_8244.jpg?ssl=1\" rel=\"attachment wp-att-3276\"><img data-recalc-dims=\"1\" loading=\"lazy\" decoding=\"async\" class=\"alignnone wp-image-3276\" src=\"https:\/\/i0.wp.com\/arch-moser.it\/wp-content\/uploads\/2016\/03\/IMG_8244.jpg?resize=153%2C204&#038;ssl=1\" alt=\"IMG_8244\" width=\"153\" height=\"204\" srcset=\"https:\/\/i0.wp.com\/arch-moser.it\/wp-content\/uploads\/2016\/03\/IMG_8244.jpg?resize=225%2C300&amp;ssl=1 225w, https:\/\/i0.wp.com\/arch-moser.it\/wp-content\/uploads\/2016\/03\/IMG_8244.jpg?resize=768%2C1024&amp;ssl=1 768w, https:\/\/i0.wp.com\/arch-moser.it\/wp-content\/uploads\/2016\/03\/IMG_8244.jpg?w=1600&amp;ssl=1 1600w, https:\/\/i0.wp.com\/arch-moser.it\/wp-content\/uploads\/2016\/03\/IMG_8244.jpg?w=2400&amp;ssl=1 2400w\" sizes=\"(max-width: 153px) 100vw, 153px\" \/><\/a> <a href=\"https:\/\/i0.wp.com\/arch-moser.it\/wp-content\/uploads\/2016\/03\/IMG_0029-1.jpg?ssl=1\" rel=\"attachment wp-att-3144\"><img data-recalc-dims=\"1\" loading=\"lazy\" decoding=\"async\" class=\"alignnone wp-image-3144\" src=\"https:\/\/i0.wp.com\/arch-moser.it\/wp-content\/uploads\/2016\/03\/IMG_0029-1.jpg?resize=154%2C206&#038;ssl=1\" alt=\"IMG_0029 (1)\" width=\"154\" height=\"206\" srcset=\"https:\/\/i0.wp.com\/arch-moser.it\/wp-content\/uploads\/2016\/03\/IMG_0029-1.jpg?resize=225%2C300&amp;ssl=1 225w, https:\/\/i0.wp.com\/arch-moser.it\/wp-content\/uploads\/2016\/03\/IMG_0029-1.jpg?w=475&amp;ssl=1 475w\" sizes=\"(max-width: 154px) 100vw, 154px\" \/><\/a> <a href=\"https:\/\/i0.wp.com\/arch-moser.it\/wp-content\/uploads\/2015\/07\/img_8943.jpg?ssl=1\" rel=\"attachment wp-att-3086\"><img data-recalc-dims=\"1\" loading=\"lazy\" decoding=\"async\" class=\"alignnone wp-image-3086\" src=\"https:\/\/i0.wp.com\/arch-moser.it\/wp-content\/uploads\/2015\/07\/img_8943.jpg?resize=154%2C205&#038;ssl=1\" alt=\"IMG_8943\" width=\"154\" height=\"205\" srcset=\"https:\/\/i0.wp.com\/arch-moser.it\/wp-content\/uploads\/2015\/07\/img_8943.jpg?resize=225%2C300&amp;ssl=1 225w, https:\/\/i0.wp.com\/arch-moser.it\/wp-content\/uploads\/2015\/07\/img_8943.jpg?resize=768%2C1024&amp;ssl=1 768w, https:\/\/i0.wp.com\/arch-moser.it\/wp-content\/uploads\/2015\/07\/img_8943.jpg?w=1600&amp;ssl=1 1600w, https:\/\/i0.wp.com\/arch-moser.it\/wp-content\/uploads\/2015\/07\/img_8943.jpg?w=2400&amp;ssl=1 2400w\" sizes=\"(max-width: 154px) 100vw, 154px\" \/>&nbsp;<\/a><a href=\"https:\/\/i0.wp.com\/arch-moser.it\/wp-content\/uploads\/2015\/07\/img_8942.jpg?ssl=1\" rel=\"attachment wp-att-3085\"><img data-recalc-dims=\"1\" loading=\"lazy\" decoding=\"async\" class=\"alignnone wp-image-3085\" src=\"https:\/\/i0.wp.com\/arch-moser.it\/wp-content\/uploads\/2015\/07\/img_8942.jpg?resize=151%2C202&#038;ssl=1\" alt=\"IMG_8942\" width=\"151\" height=\"202\" srcset=\"https:\/\/i0.wp.com\/arch-moser.it\/wp-content\/uploads\/2015\/07\/img_8942.jpg?resize=225%2C300&amp;ssl=1 225w, https:\/\/i0.wp.com\/arch-moser.it\/wp-content\/uploads\/2015\/07\/img_8942.jpg?resize=768%2C1024&amp;ssl=1 768w, https:\/\/i0.wp.com\/arch-moser.it\/wp-content\/uploads\/2015\/07\/img_8942.jpg?w=1600&amp;ssl=1 1600w, https:\/\/i0.wp.com\/arch-moser.it\/wp-content\/uploads\/2015\/07\/img_8942.jpg?w=2400&amp;ssl=1 2400w\" sizes=\"(max-width: 151px) 100vw, 151px\" \/><\/a><\/p>\n<p><span style=\"font-family: Arial, Helvetica, sans-serif; font-size: 10pt;\">Ein besonderes Licht\/Schattenspiel bietet das neue Treppenhaus, erzeugt durch das&nbsp;geschlossene Br\u00fcstungsgel\u00e4nder und die an unterschiedlichen Seiten angeordneten Fenster.<\/span><\/p>\n<p><img data-recalc-dims=\"1\" loading=\"lazy\" decoding=\"async\" class=\"alignnone wp-image-3139\" src=\"https:\/\/i0.wp.com\/arch-moser.it\/wp-content\/uploads\/2016\/03\/IMG_0024.jpg?resize=156%2C208&#038;ssl=1\" alt=\"IMG_0024\" width=\"156\" height=\"208\" srcset=\"https:\/\/i0.wp.com\/arch-moser.it\/wp-content\/uploads\/2016\/03\/IMG_0024.jpg?resize=225%2C300&amp;ssl=1 225w, https:\/\/i0.wp.com\/arch-moser.it\/wp-content\/uploads\/2016\/03\/IMG_0024.jpg?w=475&amp;ssl=1 475w\" sizes=\"(max-width: 156px) 100vw, 156px\" \/>&nbsp;<a href=\"https:\/\/i0.wp.com\/arch-moser.it\/wp-content\/uploads\/2016\/03\/IMG_0035.jpg?ssl=1\" rel=\"attachment wp-att-3150\"><img data-recalc-dims=\"1\" loading=\"lazy\" decoding=\"async\" class=\"alignnone wp-image-3150\" src=\"https:\/\/i0.wp.com\/arch-moser.it\/wp-content\/uploads\/2016\/03\/IMG_0035.jpg?resize=155%2C207&#038;ssl=1\" alt=\"IMG_0035\" width=\"155\" height=\"207\" srcset=\"https:\/\/i0.wp.com\/arch-moser.it\/wp-content\/uploads\/2016\/03\/IMG_0035.jpg?resize=225%2C300&amp;ssl=1 225w, https:\/\/i0.wp.com\/arch-moser.it\/wp-content\/uploads\/2016\/03\/IMG_0035.jpg?w=475&amp;ssl=1 475w\" sizes=\"(max-width: 155px) 100vw, 155px\" \/><\/a>&nbsp;<a href=\"https:\/\/i0.wp.com\/arch-moser.it\/wp-content\/uploads\/2016\/03\/IMG_0034-1.jpg?ssl=1\" rel=\"attachment wp-att-3148\"><img data-recalc-dims=\"1\" loading=\"lazy\" decoding=\"async\" class=\"alignnone wp-image-3148\" src=\"https:\/\/i0.wp.com\/arch-moser.it\/wp-content\/uploads\/2016\/03\/IMG_0034-1.jpg?resize=155%2C207&#038;ssl=1\" alt=\"IMG_0034 (1)\" width=\"155\" height=\"207\" srcset=\"https:\/\/i0.wp.com\/arch-moser.it\/wp-content\/uploads\/2016\/03\/IMG_0034-1.jpg?resize=225%2C300&amp;ssl=1 225w, https:\/\/i0.wp.com\/arch-moser.it\/wp-content\/uploads\/2016\/03\/IMG_0034-1.jpg?w=475&amp;ssl=1 475w\" sizes=\"(max-width: 155px) 100vw, 155px\" \/><\/a> <a href=\"https:\/\/i0.wp.com\/arch-moser.it\/wp-content\/uploads\/2016\/03\/IMG_0033-1.jpg?ssl=1\" rel=\"attachment wp-att-3146\"><img data-recalc-dims=\"1\" loading=\"lazy\" decoding=\"async\" class=\"alignnone wp-image-3146\" src=\"https:\/\/i0.wp.com\/arch-moser.it\/wp-content\/uploads\/2016\/03\/IMG_0033-1.jpg?resize=157%2C209&#038;ssl=1\" alt=\"IMG_0033 (1)\" width=\"157\" height=\"209\" srcset=\"https:\/\/i0.wp.com\/arch-moser.it\/wp-content\/uploads\/2016\/03\/IMG_0033-1.jpg?resize=225%2C300&amp;ssl=1 225w, https:\/\/i0.wp.com\/arch-moser.it\/wp-content\/uploads\/2016\/03\/IMG_0033-1.jpg?w=475&amp;ssl=1 475w\" sizes=\"(max-width: 157px) 100vw, 157px\" \/><\/a> <a href=\"https:\/\/i0.wp.com\/arch-moser.it\/wp-content\/uploads\/2016\/03\/IMG_0028-1.jpg?ssl=1\" rel=\"attachment wp-att-3142\"><img data-recalc-dims=\"1\" loading=\"lazy\" decoding=\"async\" class=\"alignnone wp-image-3142\" src=\"https:\/\/i0.wp.com\/arch-moser.it\/wp-content\/uploads\/2016\/03\/IMG_0028-1.jpg?resize=157%2C209&#038;ssl=1\" alt=\"IMG_0028 (1)\" width=\"157\" height=\"209\" srcset=\"https:\/\/i0.wp.com\/arch-moser.it\/wp-content\/uploads\/2016\/03\/IMG_0028-1.jpg?resize=225%2C300&amp;ssl=1 225w, https:\/\/i0.wp.com\/arch-moser.it\/wp-content\/uploads\/2016\/03\/IMG_0028-1.jpg?w=475&amp;ssl=1 475w\" sizes=\"(max-width: 157px) 100vw, 157px\" \/><\/a> <a href=\"https:\/\/i0.wp.com\/arch-moser.it\/wp-content\/uploads\/2015\/07\/img_8945.jpg?ssl=1\" rel=\"attachment wp-att-3088\"><img data-recalc-dims=\"1\" loading=\"lazy\" decoding=\"async\" class=\"alignnone wp-image-3088\" src=\"https:\/\/i0.wp.com\/arch-moser.it\/wp-content\/uploads\/2015\/07\/img_8945.jpg?resize=157%2C210&#038;ssl=1\" alt=\"IMG_8945\" width=\"157\" height=\"210\" srcset=\"https:\/\/i0.wp.com\/arch-moser.it\/wp-content\/uploads\/2015\/07\/img_8945.jpg?resize=225%2C300&amp;ssl=1 225w, https:\/\/i0.wp.com\/arch-moser.it\/wp-content\/uploads\/2015\/07\/img_8945.jpg?resize=768%2C1024&amp;ssl=1 768w, https:\/\/i0.wp.com\/arch-moser.it\/wp-content\/uploads\/2015\/07\/img_8945.jpg?w=1600&amp;ssl=1 1600w, https:\/\/i0.wp.com\/arch-moser.it\/wp-content\/uploads\/2015\/07\/img_8945.jpg?w=2400&amp;ssl=1 2400w\" sizes=\"(max-width: 157px) 100vw, 157px\" \/><\/a>&nbsp;<a href=\"https:\/\/i0.wp.com\/arch-moser.it\/wp-content\/uploads\/2015\/07\/img_8946.jpg?ssl=1\" rel=\"attachment wp-att-3089\"><img data-recalc-dims=\"1\" loading=\"lazy\" decoding=\"async\" class=\"alignnone wp-image-3089\" src=\"https:\/\/i0.wp.com\/arch-moser.it\/wp-content\/uploads\/2015\/07\/img_8946.jpg?resize=156%2C208&#038;ssl=1\" alt=\"IMG_8946\" width=\"156\" height=\"208\" srcset=\"https:\/\/i0.wp.com\/arch-moser.it\/wp-content\/uploads\/2015\/07\/img_8946.jpg?resize=225%2C300&amp;ssl=1 225w, https:\/\/i0.wp.com\/arch-moser.it\/wp-content\/uploads\/2015\/07\/img_8946.jpg?resize=768%2C1024&amp;ssl=1 768w, https:\/\/i0.wp.com\/arch-moser.it\/wp-content\/uploads\/2015\/07\/img_8946.jpg?w=1600&amp;ssl=1 1600w, https:\/\/i0.wp.com\/arch-moser.it\/wp-content\/uploads\/2015\/07\/img_8946.jpg?w=2400&amp;ssl=1 2400w\" sizes=\"(max-width: 156px) 100vw, 156px\" \/>&nbsp;<\/a><a href=\"https:\/\/i0.wp.com\/arch-moser.it\/wp-content\/uploads\/2016\/03\/IMG_0025-1.jpg?ssl=1\" rel=\"attachment wp-att-3140\"><img data-recalc-dims=\"1\" loading=\"lazy\" decoding=\"async\" class=\"alignnone wp-image-3140\" src=\"https:\/\/i0.wp.com\/arch-moser.it\/wp-content\/uploads\/2016\/03\/IMG_0025-1.jpg?resize=156%2C208&#038;ssl=1\" alt=\"IMG_0025 (1)\" width=\"156\" height=\"208\" srcset=\"https:\/\/i0.wp.com\/arch-moser.it\/wp-content\/uploads\/2016\/03\/IMG_0025-1.jpg?resize=225%2C300&amp;ssl=1 225w, https:\/\/i0.wp.com\/arch-moser.it\/wp-content\/uploads\/2016\/03\/IMG_0025-1.jpg?w=475&amp;ssl=1 475w\" sizes=\"(max-width: 156px) 100vw, 156px\" \/><\/a><\/p>\n","protected":false},"excerpt":{"rendered":"<p>Dem Wunsch der Bauherrenschaft entsprechend sollte im Zuge der Sanierung des Widums in Zinggen \/ Rosslauf ein Versammlungsraum f\u00fcr 30-50 Personen, ein B\u00fcroraum, eine Wohnung f\u00fcr das Pastoralteam, eine Wohnung f\u00fcr den Messner zusammen mit den entsprechenden Technik-, Neben- und Kellerr\u00e4umen vorgesehen werden.Aufgrund von behutsamen Sanierungs &#8211; und Restaurierungseingriffen konnten historisch wertvolle Bauteile, wie der [&hellip;]<\/p>\n","protected":false},"author":1,"featured_media":4131,"parent":3048,"menu_order":1,"comment_status":"closed","ping_status":"closed","template":"","meta":{"ngg_post_thumbnail":0,"footnotes":""},"class_list":["post-3192","page","type-page","status-publish","has-post-thumbnail","hentry"],"jetpack_sharing_enabled":true,"_links":{"self":[{"href":"https:\/\/arch-moser.it\/it\/wp-json\/wp\/v2\/pages\/3192","targetHints":{"allow":["GET"]}}],"collection":[{"href":"https:\/\/arch-moser.it\/it\/wp-json\/wp\/v2\/pages"}],"about":[{"href":"https:\/\/arch-moser.it\/it\/wp-json\/wp\/v2\/types\/page"}],"author":[{"embeddable":true,"href":"https:\/\/arch-moser.it\/it\/wp-json\/wp\/v2\/users\/1"}],"replies":[{"embeddable":true,"href":"https:\/\/arch-moser.it\/it\/wp-json\/wp\/v2\/comments?post=3192"}],"version-history":[{"count":12,"href":"https:\/\/arch-moser.it\/it\/wp-json\/wp\/v2\/pages\/3192\/revisions"}],"predecessor-version":[{"id":6335,"href":"https:\/\/arch-moser.it\/it\/wp-json\/wp\/v2\/pages\/3192\/revisions\/6335"}],"up":[{"embeddable":true,"href":"https:\/\/arch-moser.it\/it\/wp-json\/wp\/v2\/pages\/3048"}],"wp:featuredmedia":[{"embeddable":true,"href":"https:\/\/arch-moser.it\/it\/wp-json\/wp\/v2\/media\/4131"}],"wp:attachment":[{"href":"https:\/\/arch-moser.it\/it\/wp-json\/wp\/v2\/media?parent=3192"}],"curies":[{"name":"wp","href":"https:\/\/api.w.org\/{rel}","templated":true}]}}