{"id":3418,"date":"2016-03-31T21:25:19","date_gmt":"2016-03-31T19:25:19","guid":{"rendered":"https:\/\/arch-moser.it\/?page_id=3418"},"modified":"2024-01-15T21:22:30","modified_gmt":"2024-01-15T20:22:30","slug":"lebenslauf","status":"publish","type":"page","link":"https:\/\/arch-moser.it\/de\/lebenslauf\/","title":{"rendered":"lebenslauf"},"content":{"rendered":"<p>Christian Moser<\/p>\n<p>Jahrgang 1962, &#8211; lebt und arbeitet in Brixen<br \/>\n<strong>1981 &#8211; 1989<\/strong> &#8211; Architekturstudium in Innsbruck (\u00d6sterreich)<br \/>\n<strong>1985<\/strong>&nbsp; &#8211; Teilnahme an der &#8222;Internationalen Sommerakademie&#8220; in Salzburg (Architekturklasse mit Peter Cook und John Heyduk)<br \/>\n<strong>1990<\/strong>&nbsp; &#8211; Staatspr\u00fcfung in Venedig<br \/>\n<strong>seit 1991<\/strong>&nbsp; &#8211; Beginn freiberufliche T\u00e4tigkeit in Brixen<br \/>\nW\u00e4hrend des Studiums tempor\u00e4re Mitarbeit in verschiedenen Architekturb\u00fcros in Brixen<br \/>\n<strong>1991-1992<\/strong>&nbsp;&#8211; freiberufliche Mitarbeit im B\u00fcro Arch. Christian Mahlknecht<br \/>\n<strong>1992<\/strong>&nbsp;&#8211; Gr\u00fcndung eines eigenen Architekturb\u00fcros<br \/>\n<strong>bis 2004<\/strong> wurden in erster Linie Bauprojekte abgewickelt, wobei auch einige Planungen f\u00fcr externe technische B\u00fcros durchgef\u00fchrt wurden. Die kontinuierliche Arbeitsauslastung hat nur eine sporadische Teilnahme an Wettbewerben \u2013 vor allem zu Beginn der freiberuflichen T\u00e4tigkeit \u2013 erm\u00f6glicht<br \/>\nab 01.01.2004 &#8211; Gr\u00fcndung der B\u00fcrogemeinschaft <em><strong style=\"font-family: Tahoma, Arial, Helvetica, sans-serif; font-size: 10pt;\"><strong>&#8222;<\/strong><\/strong><\/em>bma<b>&#8222;<\/b> mit Arch. Walter Brida aus Brixen<br \/>\n<strong>seit 01.08.2015 &#8211; Gr\u00fcndung&nbsp;Architekturb\u00fcro &#8222;cma&#8220; &#8211; christian moser architekt<\/strong><br \/>\nUnser <a style=\"color: #000000;\" href=\"https:\/\/wp.me\/P6WmPs-ly\"><strong>team <\/strong><\/a>kann heute auf eine Vielzahl von baulichen Erfahrungen z\u00e4hlen, die in den unterschiedlichsten sozialen Ebenen und gesellschaftlichen Bereichen&nbsp;gesammelt wurden. N\u00e4heres in den&nbsp;<strong><a style=\"color: #000000;\" href=\"https:\/\/wp.me\/P6WmPs-Td\">Referenzen<\/a><\/strong>.<\/p>\n","protected":false},"excerpt":{"rendered":"<p>Christian Moser Jahrgang 1962, &#8211; lebt und arbeitet in Brixen 1981 &#8211; 1989 &#8211; Architekturstudium in Innsbruck (\u00d6sterreich) 1985&nbsp; &#8211; Teilnahme an der &#8222;Internationalen Sommerakademie&#8220; in Salzburg (Architekturklasse mit Peter Cook und John Heyduk) 1990&nbsp; &#8211; Staatspr\u00fcfung in Venedig seit 1991&nbsp; &#8211; Beginn freiberufliche T\u00e4tigkeit in Brixen W\u00e4hrend des Studiums tempor\u00e4re Mitarbeit in verschiedenen Architekturb\u00fcros [&hellip;]<\/p>\n","protected":false},"author":1,"featured_media":5622,"parent":0,"menu_order":0,"comment_status":"closed","ping_status":"closed","template":"","meta":{"ngg_post_thumbnail":0,"footnotes":""},"class_list":["post-3418","page","type-page","status-publish","has-post-thumbnail","hentry"],"jetpack_sharing_enabled":true,"_links":{"self":[{"href":"https:\/\/arch-moser.it\/de\/wp-json\/wp\/v2\/pages\/3418","targetHints":{"allow":["GET"]}}],"collection":[{"href":"https:\/\/arch-moser.it\/de\/wp-json\/wp\/v2\/pages"}],"about":[{"href":"https:\/\/arch-moser.it\/de\/wp-json\/wp\/v2\/types\/page"}],"author":[{"embeddable":true,"href":"https:\/\/arch-moser.it\/de\/wp-json\/wp\/v2\/users\/1"}],"replies":[{"embeddable":true,"href":"https:\/\/arch-moser.it\/de\/wp-json\/wp\/v2\/comments?post=3418"}],"version-history":[{"count":45,"href":"https:\/\/arch-moser.it\/de\/wp-json\/wp\/v2\/pages\/3418\/revisions"}],"predecessor-version":[{"id":6563,"href":"https:\/\/arch-moser.it\/de\/wp-json\/wp\/v2\/pages\/3418\/revisions\/6563"}],"wp:featuredmedia":[{"embeddable":true,"href":"https:\/\/arch-moser.it\/de\/wp-json\/wp\/v2\/media\/5622"}],"wp:attachment":[{"href":"https:\/\/arch-moser.it\/de\/wp-json\/wp\/v2\/media?parent=3418"}],"curies":[{"name":"wp","href":"https:\/\/api.w.org\/{rel}","templated":true}]}}