{"id":2988,"date":"2014-01-04T13:53:51","date_gmt":"2014-01-04T13:53:51","guid":{"rendered":"http:\/\/moserchristian.com\/?page_id=2988"},"modified":"2024-01-15T21:29:25","modified_gmt":"2024-01-15T20:29:25","slug":"kontakt","status":"publish","type":"page","link":"https:\/\/arch-moser.it\/de\/kontakt\/","title":{"rendered":"kontakt"},"content":{"rendered":"<pre><span style=\"font-size: 14pt;\"><span style=\"font-family: Tahoma, Arial, Helvetica, sans-serif;\"><a href=\"https:\/\/i0.wp.com\/arch-moser.it\/wp-content\/uploads\/2017\/12\/image-e1513956440294.jpg?ssl=1\"><img data-recalc-dims=\"1\" decoding=\"async\" class=\"alignnone  wp-image-4926\" src=\"https:\/\/i0.wp.com\/arch-moser.it\/wp-content\/uploads\/2017\/12\/image-e1513956440294.jpg?resize=137%2C138&#038;ssl=1\" alt=\"\" width=\"137\" height=\"138\" srcset=\"https:\/\/i0.wp.com\/arch-moser.it\/wp-content\/uploads\/2017\/12\/image-e1513956440294.jpg?w=245&amp;ssl=1 245w, https:\/\/i0.wp.com\/arch-moser.it\/wp-content\/uploads\/2017\/12\/image-e1513956440294.jpg?resize=150%2C150&amp;ssl=1 150w\" sizes=\"(max-width: 137px) 100vw, 137px\" \/><\/a>\r\nChristian Moser Architekt\r\nKassianstra\u00dfe 7\r\nI-39042 Brixen (BZ)\r\nTel.nr. +39 0472 200575\r\nSteuer.nr. MSR CRS 62T11 B160I   Mwst.nr. 02851950218\r\n<\/span>\r\n<span style=\"font-family: Tahoma, Arial, Helvetica, sans-serif;\"><strong>e-mail: info@arch-moser.it\r\nskype: arch.ch.moser<\/strong><\/span><\/span><\/pre>\n<p>&nbsp;<\/p>\n<p><em><strong><span style=\"font-family: Tahoma, Arial, Helvetica, sans-serif; font-size: 10pt;\">Urheberrecht:<br \/>\n<\/span><\/strong><span style=\"font-family: Tahoma, Arial, Helvetica, sans-serif; font-size: 10pt;\">Die in diesem Blog verwendeten Texte, Bilder, Grafiken, Dateien etc. unterliegen dem Urheberrecht und anderen Gesetzen zum Schutz des geistigen Eigentums. Ihre Weitergabe, Ver\u00e4nderung, gewerbliche Nutzung oder Verwendung in anderen Websites oder Medien ist nicht gestattet.&nbsp;<\/span><span style=\"font-family: Tahoma, Arial, Helvetica, sans-serif; font-size: 10pt;\">Die Vervielf\u00e4ltigung, Nachbildung, Ver\u00e4nderung oder Verbreitung urheberrechtlich gesch\u00fctzten Materials kann Schadenersatzforderungen und die Anwendung anderer Rechtsmittel gegen Sie zur Folge haben.<\/span><\/em><\/p>\n<p><em><span style=\"font-family: Tahoma, Arial, Helvetica, sans-serif; font-size: 10pt;\"><strong>links:<br \/>\n<\/strong><\/span><span style=\"font-family: Tahoma, Arial, Helvetica, sans-serif; font-size: 10pt;\">Der Autor oder Betreiber \u00fcbernimmt keine Haftung jeglicher Art f\u00fcr die Inhalte von verweisenden Webseiten ausserhalb dieses Blog.<\/span><\/em><\/p>\n","protected":false},"excerpt":{"rendered":"<p>Christian Moser Architekt Kassianstra\u00dfe 7 I-39042 Brixen (BZ) Tel.nr. +39 0472 200575 Steuer.nr. MSR CRS 62T11 B160I Mwst.nr. 02851950218 e-mail: info@arch-moser.it skype: arch.ch.moser &nbsp; Urheberrecht: Die in diesem Blog verwendeten Texte, Bilder, Grafiken, Dateien etc. unterliegen dem Urheberrecht und anderen Gesetzen zum Schutz des geistigen Eigentums. Ihre Weitergabe, Ver\u00e4nderung, gewerbliche Nutzung oder Verwendung in anderen [&hellip;]<\/p>\n","protected":false},"author":1,"featured_media":0,"parent":0,"menu_order":5,"comment_status":"closed","ping_status":"closed","template":"","meta":{"ngg_post_thumbnail":0,"footnotes":""},"class_list":["post-2988","page","type-page","status-publish","hentry"],"jetpack_sharing_enabled":false,"_links":{"self":[{"href":"https:\/\/arch-moser.it\/de\/wp-json\/wp\/v2\/pages\/2988","targetHints":{"allow":["GET"]}}],"collection":[{"href":"https:\/\/arch-moser.it\/de\/wp-json\/wp\/v2\/pages"}],"about":[{"href":"https:\/\/arch-moser.it\/de\/wp-json\/wp\/v2\/types\/page"}],"author":[{"embeddable":true,"href":"https:\/\/arch-moser.it\/de\/wp-json\/wp\/v2\/users\/1"}],"replies":[{"embeddable":true,"href":"https:\/\/arch-moser.it\/de\/wp-json\/wp\/v2\/comments?post=2988"}],"version-history":[{"count":40,"href":"https:\/\/arch-moser.it\/de\/wp-json\/wp\/v2\/pages\/2988\/revisions"}],"predecessor-version":[{"id":6566,"href":"https:\/\/arch-moser.it\/de\/wp-json\/wp\/v2\/pages\/2988\/revisions\/6566"}],"wp:attachment":[{"href":"https:\/\/arch-moser.it\/de\/wp-json\/wp\/v2\/media?parent=2988"}],"curies":[{"name":"wp","href":"https:\/\/api.w.org\/{rel}","templated":true}]}}