{"id":2864,"date":"2013-11-03T11:24:32","date_gmt":"2013-11-03T11:24:32","guid":{"rendered":"http:\/\/moserchristian.com\/?page_id=2864"},"modified":"2024-02-19T12:24:32","modified_gmt":"2024-02-19T11:24:32","slug":"presse","status":"publish","type":"page","link":"https:\/\/arch-moser.it\/de\/presse\/","title":{"rendered":"Presse"},"content":{"rendered":"<pre><span style=\"font-family: Tahoma, Arial, Helvetica, sans-serif;\"><strong>DEZEMBER 2018<\/strong><\/span><\/pre>\n<p><span style=\"font-family: Tahoma, Arial, Helvetica, sans-serif;\">Wettbewerb Bauern(h)auszeichnung 2018<\/span><\/p>\n<p><a href=\"https:\/\/player.vimeo.com\/video\/305957043\"><img data-recalc-dims=\"1\" fetchpriority=\"high\" decoding=\"async\" class=\"alignnone size-full wp-image-5448\" src=\"https:\/\/i0.wp.com\/arch-moser.it\/wp-content\/uploads\/2018\/12\/ITAS-13-1024x683.jpg?resize=500%2C333&#038;ssl=1\" alt=\"\" width=\"500\" height=\"333\" srcset=\"https:\/\/i0.wp.com\/arch-moser.it\/wp-content\/uploads\/2018\/12\/ITAS-13-1024x683.jpg?w=500&amp;ssl=1 500w, https:\/\/i0.wp.com\/arch-moser.it\/wp-content\/uploads\/2018\/12\/ITAS-13-1024x683.jpg?resize=150%2C100&amp;ssl=1 150w, https:\/\/i0.wp.com\/arch-moser.it\/wp-content\/uploads\/2018\/12\/ITAS-13-1024x683.jpg?resize=300%2C200&amp;ssl=1 300w\" sizes=\"(max-width: 500px) 100vw, 500px\" \/><\/a><\/p>\n<p><span style=\"font-family: Tahoma, Arial, Helvetica, sans-serif;\">Projekt WERKSTATTLADEN Bezirksgemeinschaft Eisacktal<\/span><\/p>\n<p><strong><a href=\"https:\/\/i0.wp.com\/arch-moser.it\/wp-content\/uploads\/2018\/12\/Artikel_TAGESZEITUNG.jpg?ssl=1\"><img data-recalc-dims=\"1\" decoding=\"async\" class=\"alignnone wp-image-5445 \" src=\"https:\/\/i0.wp.com\/arch-moser.it\/wp-content\/uploads\/2018\/12\/Artikel_TAGESZEITUNG.jpg?resize=705%2C630&#038;ssl=1\" alt=\"\" width=\"705\" height=\"630\" srcset=\"https:\/\/i0.wp.com\/arch-moser.it\/wp-content\/uploads\/2018\/12\/Artikel_TAGESZEITUNG.jpg?w=500&amp;ssl=1 500w, https:\/\/i0.wp.com\/arch-moser.it\/wp-content\/uploads\/2018\/12\/Artikel_TAGESZEITUNG.jpg?resize=150%2C134&amp;ssl=1 150w, https:\/\/i0.wp.com\/arch-moser.it\/wp-content\/uploads\/2018\/12\/Artikel_TAGESZEITUNG.jpg?resize=300%2C268&amp;ssl=1 300w\" sizes=\"(max-width: 705px) 100vw, 705px\" \/><\/a><\/strong><\/p>\n<pre><strong><span style=\"font-family: Tahoma,Arial,Helvetica,sans-serif; font-size: 10pt;\">NOVEMBER 2018<\/span><\/strong><\/pre>\n<p><span style=\"font-family: Tahoma,Arial,Helvetica,sans-serif; font-size: 10pt;\">open day DREAM SHOES &#038; MORE in Sterzing<\/span><\/p>\n<p><strong><span style=\"font-family: Tahoma,Arial,Helvetica,sans-serif; font-size: 10pt;\"><a href=\"https:\/\/i0.wp.com\/arch-moser.it\/wp-content\/uploads\/2018\/11\/dreams_Suedtirolerin.jpg?ssl=1\"><img data-recalc-dims=\"1\" decoding=\"async\" class=\"alignnone wp-image-5391\" src=\"https:\/\/i0.wp.com\/arch-moser.it\/wp-content\/uploads\/2018\/11\/dreams_Suedtirolerin.jpg?resize=696%2C454&#038;ssl=1\" alt=\"\" width=\"696\" height=\"454\" srcset=\"https:\/\/i0.wp.com\/arch-moser.it\/wp-content\/uploads\/2018\/11\/dreams_Suedtirolerin.jpg?w=500&amp;ssl=1 500w, https:\/\/i0.wp.com\/arch-moser.it\/wp-content\/uploads\/2018\/11\/dreams_Suedtirolerin.jpg?resize=150%2C98&amp;ssl=1 150w, https:\/\/i0.wp.com\/arch-moser.it\/wp-content\/uploads\/2018\/11\/dreams_Suedtirolerin.jpg?resize=300%2C196&amp;ssl=1 300w\" sizes=\"(max-width: 696px) 100vw, 696px\" \/><\/a><\/span><\/strong><\/p>\n<pre><span style=\"font-family: Tahoma, Arial, Helvetica, sans-serif; font-size: 10pt;\"><strong>\r\nAPRIL 2018<\/strong><\/span>\r\n<\/pre>\n<p><span style=\"font-family: Tahoma,Arial,Helvetica,sans-serif; font-size: 10pt;\">BAUEN IM BESTAND &#8211; der neu sanierte &#8222;LIENERHOF&#8220; in Rodeneck<\/span><\/p>\n<p><strong><span style=\"font-family: Tahoma,Arial,Helvetica,sans-serif; font-size: 10pt;\"> <a href=\"https:\/\/i0.wp.com\/arch-moser.it\/wp-content\/uploads\/2018\/04\/Lienerhof_Rodeneck.jpg?ssl=1\" target=\"_blank\" rel=\"noopener noreferrer\"><img data-recalc-dims=\"1\" loading=\"lazy\" decoding=\"async\" class=\"alignnone wp-image-5079\" src=\"https:\/\/i0.wp.com\/arch-moser.it\/wp-content\/uploads\/2018\/04\/Lienerhof_Rodeneck.jpg?resize=604%2C863&#038;ssl=1\" alt=\"\" width=\"604\" height=\"863\" srcset=\"https:\/\/i0.wp.com\/arch-moser.it\/wp-content\/uploads\/2018\/04\/Lienerhof_Rodeneck.jpg?w=500&amp;ssl=1 500w, https:\/\/i0.wp.com\/arch-moser.it\/wp-content\/uploads\/2018\/04\/Lienerhof_Rodeneck.jpg?resize=105%2C150&amp;ssl=1 105w, https:\/\/i0.wp.com\/arch-moser.it\/wp-content\/uploads\/2018\/04\/Lienerhof_Rodeneck.jpg?resize=210%2C300&amp;ssl=1 210w\" sizes=\"(max-width: 604px) 100vw, 604px\" \/><\/a> <\/span><\/strong><\/p>\n<pre><strong><span style=\"font-family: Tahoma,Arial,Helvetica,sans-serif; font-size: 10pt;\">\r\nAUGUST 2016<\/span><\/strong>\r\n<\/pre>\n<p><span style=\"font-size: 10pt; font-family: Tahoma,Arial,Helvetica,sans-serif;\">Nachfolgend die beiden Artikel von der Segnung und Einweihung des neuen Beichtzimmers in der Pfarrkirche von Mals \/ Vinschgau, <\/span><br \/>\n<span style=\"font-size: 10pt; font-family: Tahoma,Arial,Helvetica,sans-serif;\">welche in der Tageszeitung <a href=\"https:\/\/arch-moser.it\/de\/ein-neues-beichtzimmer-fur-mals-2\/\" target=\"_blank\" rel=\"noopener noreferrer\"><span style=\"color: #d4ed13;\">DOLOMITEN<\/span><\/a> bzw. im <span style=\"color: #d4ed13;\"><a style=\"color: #d4ed13;\" href=\"https:\/\/arch-moser.it\/wp-content\/uploads\/2016\/10\/Artikel_BEICHTZIMMER_GEMEINDEBLATTMALS.pdf\" target=\"_blank\" rel=\"noopener noreferrer\">GEMEINDEBLATT_MALS<\/a>&nbsp;<\/span>von Mals abgedruckt wurden.<\/span><\/p>\n<p><img data-recalc-dims=\"1\" loading=\"lazy\" decoding=\"async\" class=\"alignnone size-medium wp-image-4534\" src=\"https:\/\/i0.wp.com\/arch-moser.it\/wp-content\/uploads\/2016\/07\/thumb_IMG_1285_1024.jpg?resize=225%2C300&#038;ssl=1\" alt=\"thumb_IMG_1285_1024\" width=\"225\" height=\"300\" srcset=\"https:\/\/i0.wp.com\/arch-moser.it\/wp-content\/uploads\/2016\/07\/thumb_IMG_1285_1024.jpg?resize=225%2C300&amp;ssl=1 225w, https:\/\/i0.wp.com\/arch-moser.it\/wp-content\/uploads\/2016\/07\/thumb_IMG_1285_1024.jpg?w=500&amp;ssl=1 500w\" sizes=\"(max-width: 225px) 100vw, 225px\" \/><\/p>\n<p>&nbsp;<\/p>\n<pre><strong><span style=\"font-family: Tahoma,Arial,Helvetica,sans-serif; font-size: 10pt;\">NOVEMBER 2015<\/span><\/strong><\/pre>\n<p><span style=\"font-family: Tahoma,Arial,Helvetica,sans-serif; font-size: 10pt;\">Bergmeister Anton<br \/>\nSanierung &#8222;OBERGASSERHOF&#8220; in Pfunders<br \/>\nITAS &#8211; Anerkennungspreis 2015<\/span><\/p>\n<address><span style=\"font-family: Tahoma,Arial,Helvetica,sans-serif; font-size: 10pt;\"><a href=\"https:\/\/arch-moser.it\/wp-content\/uploads\/2013\/11\/Artikel_DOLOMITEN.pdf\"><img data-recalc-dims=\"1\" loading=\"lazy\" decoding=\"async\" class=\"alignnone wp-image-3117\" src=\"https:\/\/i0.wp.com\/arch-moser.it\/wp-content\/uploads\/2015\/11\/ITAS-Anerkennungspreis.jpg?resize=384%2C299&#038;ssl=1\" alt=\"ITAS Anerkennungspreis\" width=\"384\" height=\"299\" srcset=\"https:\/\/i0.wp.com\/arch-moser.it\/wp-content\/uploads\/2015\/11\/ITAS-Anerkennungspreis.jpg?resize=300%2C234&amp;ssl=1 300w, https:\/\/i0.wp.com\/arch-moser.it\/wp-content\/uploads\/2015\/11\/ITAS-Anerkennungspreis.jpg?resize=1024%2C799&amp;ssl=1 1024w, https:\/\/i0.wp.com\/arch-moser.it\/wp-content\/uploads\/2015\/11\/ITAS-Anerkennungspreis.jpg?w=1033&amp;ssl=1 1033w\" sizes=\"(max-width: 384px) 100vw, 384px\" \/><\/a><\/span><\/address>\n<address><span style=\"font-family: Tahoma,Arial,Helvetica,sans-serif; font-size: 10pt;\">&nbsp;<\/span><span style=\"font-family: Tahoma,Arial,Helvetica,sans-serif; font-size: 10pt;\">Das denkmalgesch\u00fctzte Wohnhaus am &#8222;Obergasserhof&#8220; in Pfunders ist in den Jahren 2013\/2015 einer Generalsanierung unterzogen worden. Hierbei wurden mehrere Ziele verfolgt:<\/span><br \/>\n<span style=\"font-family: Tahoma,Arial,Helvetica,sans-serif; font-size: 10pt;\"> &#8211; die energetische Optimierung der Geb\u00e4udeh\u00fclle durch Erneuerung der Fensterelemente sowie W\u00e4rmed\u00e4mmung des Daches;<\/span><br \/>\n<span style=\"font-family: Tahoma,Arial,Helvetica,sans-serif; font-size: 10pt;\"> &#8211; der Ausbau des Dachgeschosses zur Errichtung einer Ferienwohnung als Nebenerwerb sowie von zus\u00e4tzlichen Zimmern;<\/span><br \/>\n<span style=\"font-family: Tahoma,Arial,Helvetica,sans-serif; font-size: 10pt;\"> &#8211; die Erh\u00f6hung des Wohnkomforts durch Erneuerung der sanit\u00e4ren Anlagen und&nbsp; Beheizung des Geb\u00e4udes mittels einer neuen Hackschnitzelheizung;<\/span><br \/>\n<span style=\"font-family: Tahoma,Arial,Helvetica,sans-serif; font-size: 10pt;\"> &#8211; die Restaurierung historisch wertvoller Elemente wie Sommerhaus, Glockenturm und Tonnengew\u00f6lbe.<\/span><br \/>\n<span style=\"font-family: Tahoma,Arial,Helvetica,sans-serif; font-size: 10pt;\">Die baulichen Ma\u00dfnahmen wurden unter Ausnutzung lokal verf\u00fcgbarer Ressourcen und einem hohen Anteil an Eigenleistungen durchgef\u00fchrt. Auch die Verwendung ortstypischer Materialien &#8211; wie z.B. Holz aus dem eigenen Waldbestand, Kalk-Trass-Putz&nbsp; und die Verwendung von Pfunderer Serpentin als Bodenbelag in der Mittellabe &#8211; hat dazu beigetragen, dass die architektonischen Besonderheiten des Geb\u00e4udes erhalten geblieben sind und gleichzeitig handwerkliche Tradition zum Ausdruck bringen.<br \/>\nDas Projekt ist anl\u00e4sslich der AGRIALP Messe in Bozen mit dem ITAS ANERKENNUNGSPREIS 2015 ausgezeichnet worden.<br \/>\nN\u00e4heres ist aus dem Artikel der Tageszeitung DOLOMITEN vom 07.\/08. November 2015 zu entnehmen.<\/span><\/address>\n<address>&nbsp;<\/address>\n<address><em><span style=\"font-family: Tahoma,Arial,Helvetica,sans-serif; font-size: 10pt;\">&nbsp;<\/span><\/em><\/address>\n<pre><span style=\"font-family: Tahoma,Arial,Helvetica,sans-serif; font-size: 10pt;\">&nbsp;<\/span><strong><span style=\"font-family: Tahoma,Arial,Helvetica,sans-serif; font-size: 10pt;\">APRIL&nbsp;2015 <\/span><\/strong><\/pre>\n<p><span style=\"font-family: Tahoma,Arial,Helvetica,sans-serif; font-size: 10pt;\">Gemeinde Brixen Erweiterung Feuerwehr Ger\u00e4tehaus Milland<\/span><\/p>\n<p><a href=\"https:\/\/i0.wp.com\/arch-moser.it\/wp-content\/uploads\/2015\/07\/aus-der-zwischenablage-2.jpg?ssl=1\"><span style=\"font-family: Tahoma,Arial,Helvetica,sans-serif; font-size: 10pt;\"><img data-recalc-dims=\"1\" loading=\"lazy\" decoding=\"async\" class=\"alignnone size-full wp-image-3053\" src=\"https:\/\/i0.wp.com\/arch-moser.it\/wp-content\/uploads\/2015\/07\/aus-der-zwischenablage-2.jpg?resize=640%2C408&#038;ssl=1\" alt=\"Aus der Zwischenablage 2\" width=\"640\" height=\"408\"><\/span><\/a><\/p>\n<p>&nbsp;<\/p>\n<pre><strong><span style=\"font-family: Tahoma,Arial,Helvetica,sans-serif; font-size: 10pt;\">FEBBRAIO 2015\r\n<\/span><\/strong><\/pre>\n<p><span style=\"font-size: 10pt; font-family: Tahoma,Arial,Helvetica,sans-serif;\">Isolare con la carta: nel libro &#8222;Paper design&#8220; la prof.essa associata Michela Maria Toni, docente al Dipartimento di Architettura dell&#8217;Universit\u00e0 degli studi di Ferrara, menziona le case IPEA di Millan Bressanone. Nel corso della loro ristrutturazione, la quale \u00e8 durata 3 anni e sette mesi, \u00e8 stata usata la fibra di cellulose per coibentare le falde dei tetti esistenti. <\/span><\/p>\n<p><a href=\"https:\/\/i0.wp.com\/arch-moser.it\/wp-content\/uploads\/2012\/04\/dscn2732-e1334092543533.jpg?ssl=1\"><img data-recalc-dims=\"1\" loading=\"lazy\" decoding=\"async\" class=\"alignnone wp-image-3744\" src=\"https:\/\/i0.wp.com\/arch-moser.it\/wp-content\/uploads\/2013\/11\/wobi.jpg?resize=406%2C246&#038;ssl=1\" alt=\"wobi\" width=\"406\" height=\"246\" srcset=\"https:\/\/i0.wp.com\/arch-moser.it\/wp-content\/uploads\/2013\/11\/wobi.jpg?resize=300%2C182&amp;ssl=1 300w, https:\/\/i0.wp.com\/arch-moser.it\/wp-content\/uploads\/2013\/11\/wobi.jpg?w=500&amp;ssl=1 500w\" sizes=\"(max-width: 406px) 100vw, 406px\" \/><\/a><\/p>\n<p><span style=\"font-family: Tahoma,Arial,Helvetica,sans-serif; font-size: 10pt;\">Per maggiori approfondimenti sulla materia in seguito si pubblica l&#8217;estratto del testo in questione:<br \/>\n<\/span><span style=\"font-family: Tahoma, Arial, Helvetica, sans-serif; font-size: 10pt; color: #caeb10;\"><a style=\"color: #caeb10;\" href=\"https:\/\/arch-moser.it\/wp-content\/uploads\/2013\/11\/20150201-PaperDesigMToni_isolare-con-la-carta.pdf\">20150201 PaperDesigMToni_isolare con la carta<\/a><\/span><\/p>\n<p>&nbsp;<\/p>\n<pre><strong><span style=\"font-family: Tahoma,Arial,Helvetica,sans-serif; font-size: 10pt;\">APRILE 2014\r\n<\/span><\/strong><\/pre>\n<p><span style=\"font-size: 10pt; font-family: Tahoma,Arial,Helvetica,sans-serif;\">Nell&#8217;articolo &#8222;l&#8217;utilizzo della canna palustre nell&#8217;architettura ecosostenibile&#8220; la prof.essa associata Michela Maria Toni, docente al Dipartimento di Architettura dell&#8217;Universit\u00e0 degli studi di Ferrara, menziona un nostro progetto, &nbsp;la casa T. a Soprabolzano, una casa bifamiliare dove \u00e8 stata usata la canna di bamb\u00f9 come supporto all&#8217;intonaco interno in argilla.&nbsp;<\/span><\/p>\n<p><a href=\"https:\/\/i0.wp.com\/arch-moser.it\/wp-content\/uploads\/2011\/12\/haus-tappeiner.jpg?ssl=1\"><span style=\"font-size: 10pt; font-family: Tahoma,Arial,Helvetica,sans-serif;\"><img data-recalc-dims=\"1\" loading=\"lazy\" decoding=\"async\" class=\"alignnone wp-image-3862\" src=\"https:\/\/i0.wp.com\/arch-moser.it\/wp-content\/uploads\/2013\/11\/casa_TAPPEINER.jpg?resize=451%2C361&#038;ssl=1\" alt=\"casa_TAPPEINER\" width=\"451\" height=\"361\" srcset=\"https:\/\/i0.wp.com\/arch-moser.it\/wp-content\/uploads\/2013\/11\/casa_TAPPEINER.jpg?resize=300%2C240&amp;ssl=1 300w, https:\/\/i0.wp.com\/arch-moser.it\/wp-content\/uploads\/2013\/11\/casa_TAPPEINER.jpg?w=500&amp;ssl=1 500w\" sizes=\"(max-width: 451px) 100vw, 451px\" \/><\/span><\/a><\/p>\n<p><span style=\"font-size: 10pt; font-family: Tahoma,Arial,Helvetica,sans-serif;\">Per maggiori approfondimenti sulla materia in seguito si pubblica l&#8217;intero testo:<br \/>\n<\/span><span style=\"font-size: 10pt; font-family: Tahoma, Arial, Helvetica, sans-serif; color: #d2f013;\"><a style=\"color: #d2f013;\" href=\"https:\/\/arch-moser.it\/wp-content\/uploads\/2013\/11\/ISTEA-SOSTENIBILIT\u00e0-AMBIENTALE-2015-M.Toni_.pdf\">ISTEA SOSTENIBILIT\u00e0 AMBIENTALE 2015-M.Toni<\/a>&nbsp;<\/span><\/p>\n<p>&nbsp;<\/p>\n<pre><strong><span style=\"font-family: Tahoma,Arial,Helvetica,sans-serif; font-size: 10pt;\">OKTOBER 2013 <\/span><\/strong><\/pre>\n<p><span style=\"font-family: Tahoma,Arial,Helvetica,sans-serif; font-size: 10pt;\">Institut f\u00fcr den sozialen Wohnbau des Landes S\u00fcdtirol<\/span> <span style=\"font-family: Tahoma,Arial,Helvetica,sans-serif; font-size: 10pt;\">Wohnanlage mit 66 Wohneinheiten in Brixen \/ Milland<\/span><\/p>\n<address><a href=\"https:\/\/i0.wp.com\/arch-moser.it\/wp-content\/uploads\/2012\/04\/dscn2747.jpg?ssl=1\"><span style=\"font-family: Tahoma,Arial,Helvetica,sans-serif; font-size: 10pt;\"><img data-recalc-dims=\"1\" loading=\"lazy\" decoding=\"async\" class=\"alignnone size-full wp-image-2865\" src=\"http:\/\/moserchristian.files.wordpress.com\/2013\/11\/wobi_presse.jpg?resize=640%2C916\" alt=\"WOBI_presse\" width=\"640\" height=\"916\" srcset=\"https:\/\/i0.wp.com\/arch-moser.it\/wp-content\/uploads\/2013\/11\/wobi_presse.jpg?w=2253&amp;ssl=1 2253w, https:\/\/i0.wp.com\/arch-moser.it\/wp-content\/uploads\/2013\/11\/wobi_presse.jpg?resize=209%2C300&amp;ssl=1 209w, https:\/\/i0.wp.com\/arch-moser.it\/wp-content\/uploads\/2013\/11\/wobi_presse.jpg?resize=715%2C1024&amp;ssl=1 715w, https:\/\/i0.wp.com\/arch-moser.it\/wp-content\/uploads\/2013\/11\/wobi_presse.jpg?w=1600&amp;ssl=1 1600w\" sizes=\"(max-width: 640px) 100vw, 640px\" \/><\/span><\/a><\/address>\n<address><span style=\"font-family: Tahoma,Arial,Helvetica,sans-serif; font-size: 10pt;\">&nbsp;<\/span><\/address>\n<address><span style=\"font-family: Tahoma,Arial,Helvetica,sans-serif; font-size: 10pt;\">&nbsp;<\/span><\/address>\n<pre><span style=\"font-family: Tahoma,Arial,Helvetica,sans-serif; font-size: 10pt;\">&nbsp;<\/span><span style=\"font-family: Tahoma,Arial,Helvetica,sans-serif; font-size: 10pt;\"><strong>MAI 2012<\/strong> <\/span><\/pre>\n<p><span style=\"font-family: Tahoma,Arial,Helvetica,sans-serif; font-size: 10pt;\">Gemeinde Brixen Kletterhalle &#8222;VERTIKALE&#8220;<\/span><\/p>\n<address><a href=\"https:\/\/i0.wp.com\/arch-moser.it\/wp-content\/uploads\/2012\/06\/kletterhalle-brixen0686.jpg?ssl=1\"><span style=\"font-family: Tahoma,Arial,Helvetica,sans-serif; font-size: 10pt;\"><img data-recalc-dims=\"1\" loading=\"lazy\" decoding=\"async\" class=\"alignnone size-full wp-image-2879\" src=\"http:\/\/moserchristian.files.wordpress.com\/2013\/11\/kletterhalle-brixner.jpg?resize=640%2C886\" alt=\"Kletterhalle Brixner\" width=\"640\" height=\"886\" srcset=\"https:\/\/i0.wp.com\/arch-moser.it\/wp-content\/uploads\/2013\/11\/kletterhalle-brixner.jpg?w=1305&amp;ssl=1 1305w, https:\/\/i0.wp.com\/arch-moser.it\/wp-content\/uploads\/2013\/11\/kletterhalle-brixner.jpg?resize=217%2C300&amp;ssl=1 217w, https:\/\/i0.wp.com\/arch-moser.it\/wp-content\/uploads\/2013\/11\/kletterhalle-brixner.jpg?resize=740%2C1024&amp;ssl=1 740w\" sizes=\"(max-width: 640px) 100vw, 640px\" \/><\/span><\/a><\/address>\n<address><span style=\"font-family: Tahoma,Arial,Helvetica,sans-serif; font-size: 10pt;\">&nbsp;<\/span><\/address>\n<address><span style=\"font-family: Tahoma,Arial,Helvetica,sans-serif; font-size: 10pt;\"><a href=\"http:\/\/moserchristian.files.wordpress.com\/2012\/07\/kletterhalle_brixner.pdf\">&nbsp;<\/a><\/span><\/address>\n","protected":false},"excerpt":{"rendered":"<p>DEZEMBER 2018 Wettbewerb Bauern(h)auszeichnung 2018 Projekt WERKSTATTLADEN Bezirksgemeinschaft Eisacktal NOVEMBER 2018 open day DREAM SHOES &#038; MORE in Sterzing APRIL 2018 BAUEN IM BESTAND &#8211; der neu sanierte &#8222;LIENERHOF&#8220; in Rodeneck AUGUST 2016 Nachfolgend die beiden Artikel von der Segnung und Einweihung des neuen Beichtzimmers in der Pfarrkirche von Mals \/ Vinschgau, welche in der [&hellip;]<\/p>\n","protected":false},"author":1,"featured_media":6131,"parent":0,"menu_order":0,"comment_status":"open","ping_status":"closed","template":"","meta":{"ngg_post_thumbnail":0,"footnotes":""},"class_list":["post-2864","page","type-page","status-publish","has-post-thumbnail","hentry"],"jetpack_sharing_enabled":true,"_links":{"self":[{"href":"https:\/\/arch-moser.it\/de\/wp-json\/wp\/v2\/pages\/2864","targetHints":{"allow":["GET"]}}],"collection":[{"href":"https:\/\/arch-moser.it\/de\/wp-json\/wp\/v2\/pages"}],"about":[{"href":"https:\/\/arch-moser.it\/de\/wp-json\/wp\/v2\/types\/page"}],"author":[{"embeddable":true,"href":"https:\/\/arch-moser.it\/de\/wp-json\/wp\/v2\/users\/1"}],"replies":[{"embeddable":true,"href":"https:\/\/arch-moser.it\/de\/wp-json\/wp\/v2\/comments?post=2864"}],"version-history":[{"count":73,"href":"https:\/\/arch-moser.it\/de\/wp-json\/wp\/v2\/pages\/2864\/revisions"}],"predecessor-version":[{"id":6596,"href":"https:\/\/arch-moser.it\/de\/wp-json\/wp\/v2\/pages\/2864\/revisions\/6596"}],"wp:featuredmedia":[{"embeddable":true,"href":"https:\/\/arch-moser.it\/de\/wp-json\/wp\/v2\/media\/6131"}],"wp:attachment":[{"href":"https:\/\/arch-moser.it\/de\/wp-json\/wp\/v2\/media?parent=2864"}],"curies":[{"name":"wp","href":"https:\/\/api.w.org\/{rel}","templated":true}]}}